
{"id":20751,"date":"2021-10-13T12:19:34","date_gmt":"2021-10-13T10:19:34","guid":{"rendered":"https:\/\/beldos.com\/?page_id=20751"},"modified":"2025-08-19T10:39:07","modified_gmt":"2025-08-19T08:39:07","slug":"demo-center","status":"publish","type":"page","link":"https:\/\/beldos.com\/de\/demo-center\/","title":{"rendered":"Demonstrationszentrum"},"content":{"rendered":"<p>[vc_row][vc_column css=&#8220;.vc_custom_1624609055363{margin-top: -20px !important;}&#8220; offset=&#8220;vc_hidden-md vc_hidden-sm vc_hidden-xs&#8220;][vc_row_inner][vc_column_inner css=&#8220;.vc_custom_1617191040686{margin-top: -20px !important;}&#8220;][vc_column_text]<\/p>\n<h2 style=\"text-align: center;\"><span style=\"color: #ff0000;\">D<\/span>EMONSTRATIONSZENTRUM<\/h2>\n<p>[\/vc_column_text][vc_column_text css=&#8220;.vc_custom_1675855153288{margin-top: -10px !important;}&#8220;]<\/p>\n<p style=\"text-align: center;\"><span style=\"color: #ff0000;\">Testen Sie Ihre Produkte und erhalten sie kostenlos Fachkompetenz!<\/span><\/p>\n<p>[\/vc_column_text][\/vc_column_inner][\/vc_row_inner][\/vc_column][\/vc_row][vc_row full_width=&#8220;stretch_row_content&#8220;][vc_column width=&#8220;1\/4&#8243;][vc_single_image image=&#8220;18285&#8243; img_size=&#8220;large&#8220; alignment=&#8220;center&#8220;][\/vc_column][vc_column width=&#8220;1\/4&#8243;][vc_single_image image=&#8220;20760&#8243; img_size=&#8220;large&#8220; alignment=&#8220;center&#8220;][\/vc_column][vc_column width=&#8220;1\/4&#8243;][vc_single_image image=&#8220;22688&#8243; img_size=&#8220;large&#8220; alignment=&#8220;center&#8220;][\/vc_column][vc_column width=&#8220;1\/4&#8243;][vc_single_image image=&#8220;17224&#8243; img_size=&#8220;large&#8220; alignment=&#8220;center&#8220;][\/vc_column][\/vc_row][vc_row full_width=&#8220;stretch_row_content&#8220;][vc_column width=&#8220;1\/4&#8243;][vc_single_image image=&#8220;22685&#8243; img_size=&#8220;large&#8220; alignment=&#8220;center&#8220;][\/vc_column][vc_column width=&#8220;1\/4&#8243;][vc_single_image image=&#8220;20758&#8243; img_size=&#8220;large&#8220; alignment=&#8220;center&#8220;][\/vc_column][vc_column width=&#8220;1\/4&#8243;][vc_single_image image=&#8220;22690&#8243; img_size=&#8220;large&#8220; alignment=&#8220;center&#8220;][\/vc_column][vc_column width=&#8220;1\/4&#8243;][vc_single_image image=&#8220;22686&#8243; img_size=&#8220;large&#8220; alignment=&#8220;center&#8220;][\/vc_column][\/vc_row][vc_row full_width=&#8220;stretch_row_content&#8220;][vc_column][vc_row_inner][vc_column_inner width=&#8220;1\/6&#8243;][\/vc_column_inner][vc_column_inner width=&#8220;2\/3&#8243;][vc_column_text css=&#8220;.vc_custom_1755592705981{margin-bottom: -70px !important;}&#8220;]Besuchen Sie unser voll ausgestattetes Beldos Innovations- und Demonstrationszentrum in Kapellen bei Antwerpen.<\/p>\n<p>Wir ermitteln gemeinsam, welche Anlage f\u00fcr Ihre Produkte und Bed\u00fcrfnisse am besten geeignet ist. F\u00fcr die Tests nemen wir uns gen\u00fcgend Zeit, bis Sie sicher sind, dass die Beldos Anlage die richtige L\u00f6sung f\u00fcr Sie ist!<\/p>\n<p>Ein komplettes Sortiment an Beldos-Ger\u00e4ten, Mischern, \u00d6fen, Chargengefrierer und allen erforderlichen Werkzeugen ist verf\u00fcgbar. Sie k\u00f6nnen uns mit den Produkten oder Inhaltstoffen pers\u00f6nlich besuchen oder zuschicken. Nachdem erhalten Sie einen Film mit den Testergebnissen.<\/p>\n<p>Am besten mischt man die Produkte hier kurz vor dem Test (wenn m\u00f6glich) Frisch an. Es ist notwendig, ungef\u00e4hr zu mischen:<\/p>\n<ul>\n<li>10 Liter des Produktes f\u00fcr den Test mit dem Mini-fill<\/li>\n<li>20 Liter des Produktes f\u00fcr den Test mit den Beldos-Dosieranlagen.<\/li>\n<li>20 Liter des Produktes f\u00fcr den Test mit dem Belcake Dosierger\u00e4t.<\/li>\n<li>30 Liter des Produktes f\u00fcr den Test mit dem Belmixing-Bowl-Lift Dosierger\u00e4t, der Belpump-Lift Transfert Pumpe oder der Belmulti Dosieranlage.<\/li>\n<\/ul>\n<p>Bitte nehmen Sie auch 40-60 Tassen (Becher, Tabletts, \u2026) zum dosieren Ihrer Produkte mit.<\/p>\n<p><span style=\"color: #ff0000;\">ACHTUNG: LUFTIGE PRODUKTE WIE SCHOKOMUSSE, Baiser,<\/span><br \/>\n<span style=\"color: #ff0000;\">BISKUIT, SCHLAGSAHNE, BAVAROISE, CR\u00c8ME CHANTILLY, SOUFFL\u00c9,<\/span><br \/>\n<span style=\"color: #ff0000;\">MARSHMALLOW USW. M\u00dcSSEN FRISCH BEI UNS VOR ORT<\/span><br \/>\n<span style=\"color: #ff0000;\">DIREKT VOR DER VORF\u00dcHRUNG ZUBEREITET WERDEN!<\/span><\/p>\n<p>Wir freuen uns auf Sie! Kontaktieren Sie uns heute und vereinbaren Sie einen Termin![\/vc_column_text][\/vc_column_inner][vc_column_inner width=&#8220;1\/6&#8243;][\/vc_column_inner][\/vc_row_inner][\/vc_column][\/vc_row][vc_row][vc_column][vc_row_inner][vc_column_inner][vc_empty_space height=&#8220;80px&#8220;][vc_column_text]<\/p>\n<h2 style=\"text-align: center;\" align=\"center\"><span style=\"color: #ff0000;\">E<\/span>RREICHEN <span style=\"color: #ff0000;\">S<\/span>IE <span style=\"color: #ff0000;\">U<\/span>NS<\/h2>\n<p>[\/vc_column_text][\/vc_column_inner][\/vc_row_inner][vc_row_inner][vc_column_inner][vc_column_text]<\/p>\n<p style=\"text-align: center;\">Beldos N.V.<\/p>\n<p style=\"text-align: center;\">Industrielaan 10, 2950 Kapellen<\/p>\n<p style=\"text-align: center;\">Province of Antwerp, Belgium<\/p>\n<p style=\"text-align: center;\">+32 3 646 40 48 | info@beldos.be | VAT: BE0475579914<\/p>\n<p>[\/vc_column_text][\/vc_column_inner][\/vc_row_inner][vc_row_inner][vc_column_inner][vc_empty_space height=&#8220;20px&#8220;][\/vc_column_inner][\/vc_row_inner][vc_row_inner][vc_column_inner][vc_single_image image=&#8220;24817&#8243; img_size=&#8220;full&#8220; alignment=&#8220;center&#8220; onclick=&#8220;custom_link&#8220; link=&#8220;https:\/\/brasscar.be\/&#8220;][\/vc_column_inner][\/vc_row_inner][\/vc_column][\/vc_row][vc_row full_width=&#8220;stretch_row_content&#8220;][vc_column][vc_row_inner][vc_column_inner][vc_column_text]<\/p>\n<h5 style=\"text-align: center;\">In der N\u00e4he Hotels &amp; Unterk\u00fcnfte<\/h5>\n<p>[\/vc_column_text][vc_empty_space height=&#8220;30px&#8220;][\/vc_column_inner][\/vc_row_inner][vc_row_inner][vc_column_inner width=&#8220;1\/4&#8243;][vc_single_image image=&#8220;21785&#8243; img_size=&#8220;full&#8220; alignment=&#8220;center&#8220; onclick=&#8220;custom_link&#8220; link=&#8220;https:\/\/www.hotel-dekroon.be\/contact\/&#8220;][vc_column_text]<\/p>\n<p style=\"text-align: center;\">Hotel De Kroon<\/p>\n<p>[\/vc_column_text][\/vc_column_inner][vc_column_inner width=&#8220;1\/4&#8243;][vc_single_image image=&#8220;21786&#8243; img_size=&#8220;full&#8220; alignment=&#8220;center&#8220; onclick=&#8220;custom_link&#8220; link=&#8220;https:\/\/www.hoteldennenhof.be\/&#8220;][vc_column_text]<\/p>\n<p style=\"text-align: center;\">Van der Valk Hotel Dennenhof<\/p>\n<p>[\/vc_column_text][\/vc_column_inner][vc_column_inner width=&#8220;1\/4&#8243;][vc_single_image image=&#8220;21789&#8243; img_size=&#8220;full&#8220; alignment=&#8220;center&#8220; onclick=&#8220;custom_link&#8220; link=&#8220;https:\/\/www.klokkenhof.be\/nl\/p\/home&#8220;][vc_column_text]<\/p>\n<p style=\"text-align: center;\">Hotel Klokkenhof<\/p>\n<p>[\/vc_column_text][\/vc_column_inner][vc_column_inner width=&#8220;1\/4&#8243;][\/vc_column_inner][\/vc_row_inner][\/vc_column][\/vc_row][vc_row full_width=&#8220;stretch_row_content&#8220;][vc_column][vc_row_inner][vc_column_inner][vc_column_text]<\/p>\n<h5 style=\"text-align: center;\">Warum Belgien besuchen?<\/h5>\n<p>[\/vc_column_text][vc_empty_space height=&#8220;30px&#8220;][\/vc_column_inner][\/vc_row_inner][vc_row_inner][vc_column_inner width=&#8220;1\/4&#8243;][vc_single_image image=&#8220;20924&#8243; img_size=&#8220;full&#8220; alignment=&#8220;center&#8220; onclick=&#8220;custom_link&#8220; link=&#8220;https:\/\/www.visitflanders.com\/en\/stories\/destinations\/7-reasons-why-you-should-visit-antwerp.jsp&#8220;][vc_column_text]<\/p>\n<p style=\"text-align: center;\">Antwerpen<\/p>\n<p>[\/vc_column_text][\/vc_column_inner][vc_column_inner width=&#8220;1\/4&#8243;][vc_single_image image=&#8220;20920&#8243; img_size=&#8220;full&#8220; alignment=&#8220;center&#8220; onclick=&#8220;custom_link&#8220; link=&#8220;https:\/\/www.visitflanders.com\/en\/stories\/destinations\/7-reasons-why-you-should-visit-bruges.jsp&#8220;][vc_column_text]<\/p>\n<div class=\"share-column share-column--desktop\">\n<div class=\"page-actions\" style=\"text-align: center;\">Brugge<\/div>\n<\/div>\n<p>[\/vc_column_text][\/vc_column_inner][vc_column_inner width=&#8220;1\/4&#8243;][vc_single_image image=&#8220;20921&#8243; img_size=&#8220;full&#8220; alignment=&#8220;center&#8220; onclick=&#8220;custom_link&#8220; link=&#8220;https:\/\/www.visitflanders.com\/en\/stories\/destinations\/7-reasons-why-you-should-visit-ghent.jsp&#8220;][vc_column_text]<\/p>\n<div class=\"share-column share-column--desktop\">\n<div class=\"page-actions\">\n<div class=\"share\">\n<div class=\"share-column share-column--desktop\">\n<div class=\"page-actions\"><\/div>\n<\/div>\n<div class=\"content-column\">\n<div class=\"textimage\" style=\"text-align: center;\">Gent<\/div>\n<\/div>\n<\/div>\n<\/div>\n<\/div>\n<p>[\/vc_column_text][\/vc_column_inner][vc_column_inner width=&#8220;1\/4&#8243;][vc_single_image image=&#8220;20923&#8243; img_size=&#8220;full&#8220; alignment=&#8220;center&#8220; onclick=&#8220;custom_link&#8220; link=&#8220;https:\/\/www.visitflanders.com\/en\/stories\/destinations\/7-reasons-why-you-should-visit-Brussels.jsp&#8220;][vc_column_text]<\/p>\n<div class=\"share-column share-column--desktop\">\n<div class=\"page-actions\">\n<div class=\"share\">\n<div class=\"share-column share-column--desktop\">\n<div class=\"page-actions\">\n<div class=\"share\" style=\"text-align: center;\">Br\u00fcssel<\/div>\n<\/div>\n<\/div>\n<\/div>\n<\/div>\n<\/div>\n<p>[\/vc_column_text][\/vc_column_inner][\/vc_row_inner][\/vc_column][\/vc_row][vc_row full_width=&#8220;stretch_row_content&#8220;][vc_column][vc_row_inner][vc_column_inner][vc_column_text]<\/p>\n<h5 style=\"text-align: center;\">Noch einen guten Grund um Belgien zu besuchen!<\/h5>\n<p>[\/vc_column_text][vc_empty_space height=&#8220;30px&#8220;][\/vc_column_inner][\/vc_row_inner][vc_row_inner][vc_column_inner width=&#8220;1\/4&#8243;][vc_single_image image=&#8220;20936&#8243; img_size=&#8220;full&#8220; alignment=&#8220;center&#8220; onclick=&#8220;custom_link&#8220;][\/vc_column_inner][vc_column_inner width=&#8220;1\/4&#8243;][vc_single_image image=&#8220;20932&#8243; img_size=&#8220;full&#8220; alignment=&#8220;center&#8220; onclick=&#8220;custom_link&#8220;][\/vc_column_inner][vc_column_inner width=&#8220;1\/4&#8243;][vc_single_image image=&#8220;20938&#8243; img_size=&#8220;full&#8220; alignment=&#8220;center&#8220; onclick=&#8220;custom_link&#8220;][\/vc_column_inner][vc_column_inner width=&#8220;1\/4&#8243;][vc_single_image image=&#8220;20954&#8243; img_size=&#8220;full&#8220; alignment=&#8220;center&#8220; onclick=&#8220;custom_link&#8220;][\/vc_column_inner][\/vc_row_inner][\/vc_column][\/vc_row]<\/p>","protected":false},"excerpt":{"rendered":"<p>[vc_row][vc_column css=&#8220;.vc_custom_1624609055363{margin-top: -20px !important;}&#8220; offset=&#8220;vc_hidden-md vc_hidden-sm vc_hidden-xs&#8220;][vc_row_inner][vc_column_inner css=&#8220;.vc_custom_1617191040686{margin-top: -20px !important;}&#8220;][vc_column_text] DEMONSTRATIONSZENTRUM [\/vc_column_text][vc_column_text css=&#8220;.vc_custom_1675855153288{margin-top: -10px !important;}&#8220;] Testen Sie Ihre Produkte und erhalten sie kostenlos Fachkompetenz! [\/vc_column_text][\/vc_column_inner][\/vc_row_inner][\/vc_column][\/vc_row][vc_row full_width=&#8220;stretch_row_content&#8220;][vc_column width=&#8220;1\/4&#8243;][vc_single_image image=&#8220;18285&#8243; img_size=&#8220;large&#8220; alignment=&#8220;center&#8220;][\/vc_column][vc_column width=&#8220;1\/4&#8243;][vc_single_image image=&#8220;20760&#8243; img_size=&#8220;large&#8220; alignment=&#8220;center&#8220;][\/vc_column][vc_column width=&#8220;1\/4&#8243;][vc_single_image image=&#8220;22688&#8243; img_size=&#8220;large&#8220; alignment=&#8220;center&#8220;][\/vc_column][vc_column width=&#8220;1\/4&#8243;][vc_single_image image=&#8220;17224&#8243; &hellip;<\/p>\n","protected":false},"author":1,"featured_media":0,"parent":0,"menu_order":0,"comment_status":"closed","ping_status":"closed","template":"","meta":[],"_links":{"self":[{"href":"https:\/\/beldos.com\/de\/wp-json\/wp\/v2\/pages\/20751"}],"collection":[{"href":"https:\/\/beldos.com\/de\/wp-json\/wp\/v2\/pages"}],"about":[{"href":"https:\/\/beldos.com\/de\/wp-json\/wp\/v2\/types\/page"}],"author":[{"embeddable":true,"href":"https:\/\/beldos.com\/de\/wp-json\/wp\/v2\/users\/1"}],"replies":[{"embeddable":true,"href":"https:\/\/beldos.com\/de\/wp-json\/wp\/v2\/comments?post=20751"}],"version-history":[{"count":77,"href":"https:\/\/beldos.com\/de\/wp-json\/wp\/v2\/pages\/20751\/revisions"}],"predecessor-version":[{"id":25428,"href":"https:\/\/beldos.com\/de\/wp-json\/wp\/v2\/pages\/20751\/revisions\/25428"}],"wp:attachment":[{"href":"https:\/\/beldos.com\/de\/wp-json\/wp\/v2\/media?parent=20751"}],"curies":[{"name":"wp","href":"https:\/\/api.w.org\/{rel}","templated":true}]}}