
{"id":12051,"date":"2018-11-22T12:26:16","date_gmt":"2018-11-22T11:26:16","guid":{"rendered":"https:\/\/beldos.com\/?page_id=12051"},"modified":"2018-11-22T12:26:40","modified_gmt":"2018-11-22T11:26:40","slug":"creamy-puffs-depositor","status":"publish","type":"page","link":"https:\/\/beldos.com\/fr\/creamy-puffs-depositor\/","title":{"rendered":"(EN) Creamy Puffs Depositor"},"content":{"rendered":"<p class=\"qtranxs-available-languages-message qtranxs-available-languages-message-fr\">D\u00e9sol\u00e9, cet article est seulement disponible en <a href=\"https:\/\/beldos.com\/en\/wp-json\/wp\/v2\/pages\/12051\" class=\"qtranxs-available-language-link qtranxs-available-language-link-en\" title=\"EN\">Anglais Am\u00e9ricain<\/a>.<\/p>","protected":false},"excerpt":{"rendered":"<p>D\u00e9sol\u00e9, cet article est seulement disponible en Anglais Am\u00e9ricain.<\/p>\n","protected":false},"author":1,"featured_media":0,"parent":0,"menu_order":0,"comment_status":"closed","ping_status":"closed","template":"","meta":[],"_links":{"self":[{"href":"https:\/\/beldos.com\/fr\/wp-json\/wp\/v2\/pages\/12051"}],"collection":[{"href":"https:\/\/beldos.com\/fr\/wp-json\/wp\/v2\/pages"}],"about":[{"href":"https:\/\/beldos.com\/fr\/wp-json\/wp\/v2\/types\/page"}],"author":[{"embeddable":true,"href":"https:\/\/beldos.com\/fr\/wp-json\/wp\/v2\/users\/1"}],"replies":[{"embeddable":true,"href":"https:\/\/beldos.com\/fr\/wp-json\/wp\/v2\/comments?post=12051"}],"version-history":[{"count":1,"href":"https:\/\/beldos.com\/fr\/wp-json\/wp\/v2\/pages\/12051\/revisions"}],"predecessor-version":[{"id":12053,"href":"https:\/\/beldos.com\/fr\/wp-json\/wp\/v2\/pages\/12051\/revisions\/12053"}],"wp:attachment":[{"href":"https:\/\/beldos.com\/fr\/wp-json\/wp\/v2\/media?parent=12051"}],"curies":[{"name":"wp","href":"https:\/\/api.w.org\/{rel}","templated":true}]}}