
{"id":12151,"date":"2018-11-23T14:05:12","date_gmt":"2018-11-23T13:05:12","guid":{"rendered":"https:\/\/beldos.com\/?page_id=12151"},"modified":"2018-11-23T14:05:12","modified_gmt":"2018-11-23T13:05:12","slug":"pizza-sauce-depositors","status":"publish","type":"page","link":"https:\/\/beldos.com\/fr\/pizza-sauce-depositors\/","title":{"rendered":"(EN) Pizza Sauce Depositors"},"content":{"rendered":"<p class=\"qtranxs-available-languages-message qtranxs-available-languages-message-fr\">D\u00e9sol\u00e9, cet article est seulement disponible en <a href=\"https:\/\/beldos.com\/en\/wp-json\/wp\/v2\/pages\/12151\" class=\"qtranxs-available-language-link qtranxs-available-language-link-en\" title=\"EN\">Anglais Am\u00e9ricain<\/a>.<\/p>","protected":false},"excerpt":{"rendered":"<p>D\u00e9sol\u00e9, cet article est seulement disponible en Anglais Am\u00e9ricain.<\/p>\n","protected":false},"author":1,"featured_media":0,"parent":0,"menu_order":0,"comment_status":"closed","ping_status":"closed","template":"","meta":[],"_links":{"self":[{"href":"https:\/\/beldos.com\/fr\/wp-json\/wp\/v2\/pages\/12151"}],"collection":[{"href":"https:\/\/beldos.com\/fr\/wp-json\/wp\/v2\/pages"}],"about":[{"href":"https:\/\/beldos.com\/fr\/wp-json\/wp\/v2\/types\/page"}],"author":[{"embeddable":true,"href":"https:\/\/beldos.com\/fr\/wp-json\/wp\/v2\/users\/1"}],"replies":[{"embeddable":true,"href":"https:\/\/beldos.com\/fr\/wp-json\/wp\/v2\/comments?post=12151"}],"version-history":[{"count":1,"href":"https:\/\/beldos.com\/fr\/wp-json\/wp\/v2\/pages\/12151\/revisions"}],"predecessor-version":[{"id":12153,"href":"https:\/\/beldos.com\/fr\/wp-json\/wp\/v2\/pages\/12151\/revisions\/12153"}],"wp:attachment":[{"href":"https:\/\/beldos.com\/fr\/wp-json\/wp\/v2\/media?parent=12151"}],"curies":[{"name":"wp","href":"https:\/\/api.w.org\/{rel}","templated":true}]}}