
{"id":1482,"date":"2016-01-19T16:40:09","date_gmt":"2016-01-19T16:40:09","guid":{"rendered":"http:\/\/anpsthemes.com\/construction\/?page_id=1482"},"modified":"2026-04-02T15:17:22","modified_gmt":"2026-04-02T13:17:22","slug":"contact-us","status":"publish","type":"page","link":"https:\/\/beldos.com\/fr\/contact-us\/","title":{"rendered":"Contactez-nous"},"content":{"rendered":"<p>[vc_row][vc_column offset=\u00a0\u00bbvc_hidden-lg\u00a0\u00bb css=\u00a0\u00bb.vc_custom_1686312090745{margin-top: 35px !important;}\u00a0\u00bb][vc_row_inner][vc_column_inner offset=\u00a0\u00bbvc_hidden-lg\u00a0\u00bb css=\u00a0\u00bb.vc_custom_1624612428624{margin-top: -10px !important;}\u00a0\u00bb][vc_column_text]<\/p>\n<p style=\"text-align: center;\"><span style=\"color: #ff0000;\">Notre adresse<\/span><\/p>\n<p>[\/vc_column_text][\/vc_column_inner][\/vc_row_inner][vc_row_inner][vc_column_inner][vc_empty_space height=\u00a0\u00bb15px\u00a0\u00bb][vc_column_text css=\u00a0\u00bb.vc_custom_1741784409387{margin-top: -20px !important;}\u00a0\u00bb]<\/p>\n<div id=\"anpstext-17\" class=\"widget widget_anpstext\">\n<div id=\"anpstext-17\" class=\"widget widget_anpstext\">\n<p style=\"text-align: center;\">Beldos N.V.<\/p>\n<p style=\"text-align: center;\"><a href=\"https:\/\/goo.gl\/maps\/3MbFGGQUx1ZKMvx1A\"><img loading=\"lazy\" class=\" wp-image-21094 alignnone\" src=\"https:\/\/beldos.com\/wp-content\/uploads\/2021\/12\/location-150x150.png\" alt=\"\" width=\"21\" height=\"26\" \/>Industrielaan 10, 2950 Kapellen<\/a><\/p>\n<p style=\"text-align: center;\">Anvers, Belgique<\/p>\n<p style=\"text-align: center;\"><a href=\"tel:+32 3 646 40 48\"><img loading=\"lazy\" class=\"alignnone wp-image-21091 \" src=\"https:\/\/beldos.com\/wp-content\/uploads\/2021\/12\/phone-call-150x150.png\" alt=\"\" width=\"18\" height=\"16\" \/><\/a><a href=\"tel:+32 3 646 40 48\">+32 3 646 40 48<\/a><\/p>\n<p style=\"text-align: center;\"><a href=\"mailto:sales@beldos.be\"><img loading=\"lazy\" class=\"alignnone wp-image-21092\" src=\"https:\/\/beldos.com\/wp-content\/uploads\/2021\/12\/email-2-150x150.png\" alt=\"\" width=\"19\" height=\"19\" srcset=\"https:\/\/beldos.com\/wp-content\/uploads\/2021\/12\/email-2-150x150.png 150w, https:\/\/beldos.com\/wp-content\/uploads\/2021\/12\/email-2-300x300.png 300w, https:\/\/beldos.com\/wp-content\/uploads\/2021\/12\/email-2-458x450.png 458w, https:\/\/beldos.com\/wp-content\/uploads\/2021\/12\/email-2.png 512w\" sizes=\"(max-width: 19px) 100vw, 19px\" \/><\/a><a href=\"mailto:info@beldos.be\"> Ventes et demandes g\u00e9n\u00e9rales: <\/a><a href=\"mailto:sales@beldos.be\">sales@beldos.be<\/a><\/p>\n<p style=\"text-align: center;\"><a href=\"mailto:helpdesk@beldos.be\"><img loading=\"lazy\" class=\"alignnone wp-image-21092\" src=\"https:\/\/beldos.com\/wp-content\/uploads\/2021\/12\/email-2-150x150.png\" alt=\"\" width=\"19\" height=\"19\" srcset=\"https:\/\/beldos.com\/wp-content\/uploads\/2021\/12\/email-2-150x150.png 150w, https:\/\/beldos.com\/wp-content\/uploads\/2021\/12\/email-2-300x300.png 300w, https:\/\/beldos.com\/wp-content\/uploads\/2021\/12\/email-2-458x450.png 458w, https:\/\/beldos.com\/wp-content\/uploads\/2021\/12\/email-2.png 512w\" sizes=\"(max-width: 19px) 100vw, 19px\" \/><\/a><a href=\"mailto:helpdesk@beldos.be\"> Probl\u00e8mes techniques: helpdesk@beldos.be<\/a><\/p>\n<p style=\"text-align: center;\">VAT: BE0475579914<\/p>\n<\/div>\n<\/div>\n<div id=\"anpstext-12\" class=\"widget widget_anpstext\" style=\"text-align: center;\"><\/div>\n<p>[\/vc_column_text][vc_btn title=\u00a0\u00bbOpening Hours\u00a0\u00bb shape=\u00a0\u00bbsquare\u00a0\u00bb color=\u00a0\u00bbjuicy-pink\u00a0\u00bb align=\u00a0\u00bbcenter\u00a0\u00bb i_icon_fontawesome=\u00a0\u00bbfa fa-hourglass-half\u00a0\u00bb link=\u00a0\u00bburl:https%3A%2F%2Fbeldos.com%2Fopening-hours%2F||target:%20_blank|\u00a0\u00bb add_icon=\u00a0\u00bbtrue\u00a0\u00bb custom_onclick=\u00a0\u00bbtrue\u00a0\u00bb][vc_empty_space height=\u00a0\u00bb25px\u00a0\u00bb][vc_btn title=\u00a0\u00bbHow to Reach Us\u00a0\u00bb shape=\u00a0\u00bbsquare\u00a0\u00bb color=\u00a0\u00bbjuicy-pink\u00a0\u00bb align=\u00a0\u00bbcenter\u00a0\u00bb i_icon_fontawesome=\u00a0\u00bbfa fa-plane\u00a0\u00bb link=\u00a0\u00bburl:https%3A%2F%2Fbeldos.com%2Freach-us%2F||target:%20_blank|\u00a0\u00bb add_icon=\u00a0\u00bbtrue\u00a0\u00bb custom_onclick=\u00a0\u00bbtrue\u00a0\u00bb][vc_empty_space height=\u00a0\u00bb25px\u00a0\u00bb][\/vc_column_inner][\/vc_row_inner][\/vc_column][\/vc_row][vc_row][vc_column][vc_row_inner css=\u00a0\u00bb.vc_custom_1561031523083{margin-top: -20px !important;}\u00a0\u00bb][vc_column_inner css=\u00a0\u00bb.vc_custom_1560934738805{margin-top: 50px !important;margin-bottom: -20px !important;}\u00a0\u00bb offset=\u00a0\u00bbvc_hidden-md vc_hidden-sm vc_hidden-xs\u00a0\u00bb][vc_column_text]<\/p>\n<p style=\"text-align: center;\"><span style=\"color: #ff0000;\">Notre adresse<\/span><\/p>\n<p>[\/vc_column_text][vc_column_text css=\u00a0\u00bb.vc_custom_1741784404355{margin-top: -20px !important;}\u00a0\u00bb]<\/p>\n<div id=\"anpstext-17\" class=\"widget widget_anpstext\">\n<div id=\"anpstext-17\" class=\"widget widget_anpstext\">\n<div id=\"anpstext-17\" class=\"widget widget_anpstext\">\n<div id=\"anpstext-17\" class=\"widget widget_anpstext\">\n<p style=\"text-align: center;\">Beldos N.V.<\/p>\n<p style=\"text-align: center;\"><a href=\"https:\/\/goo.gl\/maps\/3MbFGGQUx1ZKMvx1A\"><img loading=\"lazy\" class=\" wp-image-21094 alignnone\" src=\"https:\/\/beldos.com\/wp-content\/uploads\/2021\/12\/location-150x150.png\" alt=\"\" width=\"21\" height=\"26\" \/>Industrielaan 10, 2950 Kapellen<\/a><\/p>\n<p style=\"text-align: center;\">Anvers, Belgique<\/p>\n<p style=\"text-align: center;\"><a href=\"tel:+32 3 646 40 48\"><img loading=\"lazy\" class=\"alignnone wp-image-21091 \" src=\"https:\/\/beldos.com\/wp-content\/uploads\/2021\/12\/phone-call-150x150.png\" alt=\"\" width=\"18\" height=\"16\" \/><\/a><a href=\"tel:+32 3 646 40 48\">+32 3 646 40 48<\/a><\/p>\n<p style=\"text-align: center;\"><a href=\"mailto:sales@beldos.be\"><img loading=\"lazy\" class=\"alignnone wp-image-21092\" src=\"https:\/\/beldos.com\/wp-content\/uploads\/2021\/12\/email-2-150x150.png\" alt=\"\" width=\"19\" height=\"19\" srcset=\"https:\/\/beldos.com\/wp-content\/uploads\/2021\/12\/email-2-150x150.png 150w, https:\/\/beldos.com\/wp-content\/uploads\/2021\/12\/email-2-300x300.png 300w, https:\/\/beldos.com\/wp-content\/uploads\/2021\/12\/email-2-458x450.png 458w, https:\/\/beldos.com\/wp-content\/uploads\/2021\/12\/email-2.png 512w\" sizes=\"(max-width: 19px) 100vw, 19px\" \/><\/a><a href=\"mailto:info@beldos.be\"> Ventes et demandes g\u00e9n\u00e9rales: <\/a><a href=\"mailto:sales@beldos.be\">sales@beldos.be<\/a><\/p>\n<p style=\"text-align: center;\"><a href=\"mailto:helpdesk@beldos.be\"><img loading=\"lazy\" class=\"alignnone wp-image-21092\" src=\"https:\/\/beldos.com\/wp-content\/uploads\/2021\/12\/email-2-150x150.png\" alt=\"\" width=\"19\" height=\"19\" srcset=\"https:\/\/beldos.com\/wp-content\/uploads\/2021\/12\/email-2-150x150.png 150w, https:\/\/beldos.com\/wp-content\/uploads\/2021\/12\/email-2-300x300.png 300w, https:\/\/beldos.com\/wp-content\/uploads\/2021\/12\/email-2-458x450.png 458w, https:\/\/beldos.com\/wp-content\/uploads\/2021\/12\/email-2.png 512w\" sizes=\"(max-width: 19px) 100vw, 19px\" \/><\/a><a href=\"mailto:helpdesk@beldos.be\"> Probl\u00e8mes techniques: helpdesk@beldos.be<\/a><\/p>\n<p style=\"text-align: center;\">VAT: BE0475579914<\/p>\n<\/div>\n<\/div>\n<div id=\"anpstext-12\" class=\"widget widget_anpstext\" style=\"text-align: center;\"><\/div>\n<\/div>\n<\/div>\n<div id=\"anpstext-12\" class=\"widget widget_anpstext\"><\/div>\n<p>[\/vc_column_text][vc_btn title=\u00a0\u00bbNous sommes ouverts\u00a0\u00bb shape=\u00a0\u00bbsquare\u00a0\u00bb color=\u00a0\u00bbjuicy-pink\u00a0\u00bb align=\u00a0\u00bbcenter\u00a0\u00bb i_icon_fontawesome=\u00a0\u00bbfa fa-hourglass\u00a0\u00bb link=\u00a0\u00bburl:https%3A%2F%2Fbeldos.com%2Ffr%2Fopening-hours%2F%3Fpreview%3Dtrue|||\u00a0\u00bb add_icon=\u00a0\u00bbtrue\u00a0\u00bb][vc_btn title=\u00a0\u00bbRejoins-nous\u00a0\u00bb shape=\u00a0\u00bbsquare\u00a0\u00bb color=\u00a0\u00bbjuicy-pink\u00a0\u00bb align=\u00a0\u00bbcenter\u00a0\u00bb i_icon_fontawesome=\u00a0\u00bbfa fa-plane\u00a0\u00bb link=\u00a0\u00bburl:https%3A%2F%2Fbeldos.com%2Ffr%2Freach-us%2F|||\u00a0\u00bb add_icon=\u00a0\u00bbtrue\u00a0\u00bb][vc_empty_space][\/vc_column_inner][\/vc_row_inner][\/vc_column][\/vc_row][vc_row full_width=\u00a0\u00bbstretch_row_content\u00a0\u00bb][vc_column width=\u00a0\u00bb1\/4&Prime;][vc_single_image image=\u00a0\u00bb18285&Prime; img_size=\u00a0\u00bblarge\u00a0\u00bb alignment=\u00a0\u00bbcenter\u00a0\u00bb][\/vc_column][vc_column width=\u00a0\u00bb1\/4&Prime;][vc_single_image image=\u00a0\u00bb17533&Prime; img_size=\u00a0\u00bblarge\u00a0\u00bb alignment=\u00a0\u00bbcenter\u00a0\u00bb][\/vc_column][vc_column width=\u00a0\u00bb1\/4&Prime;][vc_single_image image=\u00a0\u00bb17224&Prime; img_size=\u00a0\u00bblarge\u00a0\u00bb alignment=\u00a0\u00bbcenter\u00a0\u00bb][\/vc_column][vc_column width=\u00a0\u00bb1\/4&Prime;][vc_single_image image=\u00a0\u00bb17536&Prime; img_size=\u00a0\u00bblarge\u00a0\u00bb alignment=\u00a0\u00bbcenter\u00a0\u00bb][\/vc_column][\/vc_row][vc_row full_width=\u00a0\u00bbstretch_row_content\u00a0\u00bb][vc_column width=\u00a0\u00bb1\/4&Prime;][vc_single_image image=\u00a0\u00bb22706&Prime; img_size=\u00a0\u00bblarge\u00a0\u00bb alignment=\u00a0\u00bbcenter\u00a0\u00bb][\/vc_column][vc_column width=\u00a0\u00bb1\/4&Prime;][vc_single_image image=\u00a0\u00bb17537&Prime; img_size=\u00a0\u00bblarge\u00a0\u00bb alignment=\u00a0\u00bbcenter\u00a0\u00bb][\/vc_column][vc_column width=\u00a0\u00bb1\/4&Prime;][vc_single_image image=\u00a0\u00bb17538&Prime; img_size=\u00a0\u00bblarge\u00a0\u00bb alignment=\u00a0\u00bbcenter\u00a0\u00bb][\/vc_column][vc_column width=\u00a0\u00bb1\/4&Prime;][vc_single_image image=\u00a0\u00bb17539&Prime; img_size=\u00a0\u00bblarge\u00a0\u00bb alignment=\u00a0\u00bbcenter\u00a0\u00bb][\/vc_column][\/vc_row][vc_row][vc_column offset=\u00a0\u00bbvc_hidden-md vc_hidden-sm vc_hidden-xs\u00a0\u00bb][vc_row_inner][vc_column_inner width=\u00a0\u00bb1\/6&Prime;][\/vc_column_inner][vc_column_inner width=\u00a0\u00bb1\/6&Prime;][\/vc_column_inner][\/vc_row_inner][vc_row_inner][vc_column_inner offset=\u00a0\u00bbvc_hidden-md vc_hidden-sm vc_hidden-xs\u00a0\u00bb][vc_empty_space][\/vc_column_inner][\/vc_row_inner][\/vc_column][\/vc_row][vc_row][vc_column][vc_row_inner][vc_column_inner offset=\u00a0\u00bbvc_hidden-lg\u00a0\u00bb][vc_empty_space height=\u00a0\u00bb20px\u00a0\u00bb][\/vc_column_inner][\/vc_row_inner][vc_row_inner][vc_column_inner css=\u00a0\u00bb.vc_custom_1561033073808{margin-top: -32px !important;}\u00a0\u00bb][vc_column_text]<\/p>\n<p style=\"text-align: center;\"><span style=\"color: #ff0000;\">Marchands<\/span><\/p>\n<p>[\/vc_column_text][\/vc_column_inner][\/vc_row_inner][vc_row_inner][vc_column_inner css=\u00a0\u00bb.vc_custom_1512399432311{margin-bottom: -10px !important;}\u00a0\u00bb][vc_column_text]<\/p>\n<p style=\"text-align: center;\">Nous avons un vaste r\u00e9seau de revendeurs dans le monde entier.<\/p>\n<p style=\"text-align: center;\">Veuillez remplir notre formulaire de contact pour recevoir les informations sur votre revendeur local.<\/p>\n<p>[\/vc_column_text][\/vc_column_inner][\/vc_row_inner][\/vc_column][\/vc_row][vc_row full_width=\u00a0\u00bbstretch_row_content\u00a0\u00bb][vc_column offset=\u00a0\u00bbvc_hidden-md vc_hidden-sm vc_hidden-xs\u00a0\u00bb][vc_row_inner][vc_column_inner offset=\u00a0\u00bbvc_hidden-md vc_hidden-sm vc_hidden-xs\u00a0\u00bb][vc_empty_space height=\u00a0\u00bb30px\u00a0\u00bb][\/vc_column_inner][\/vc_row_inner][vc_row_inner][vc_column_inner css=\u00a0\u00bb.vc_custom_1624613951467{margin-top: -30px !important;}\u00a0\u00bb][vc_column_text]<\/p>\n<p style=\"text-align: center;\"><span style=\"color: #ff0000;\">Notre \u00e9quipe<\/span><\/p>\n<p>[\/vc_column_text][\/vc_column_inner][\/vc_row_inner][vc_row_inner][vc_column_inner offset=\u00a0\u00bbvc_hidden-md vc_hidden-sm vc_hidden-xs\u00a0\u00bb][vc_empty_space height=\u00a0\u00bb60px\u00a0\u00bb][\/vc_column_inner][\/vc_row_inner][\/vc_column][\/vc_row][vc_row full_width=\u00a0\u00bbstretch_row_content\u00a0\u00bb][vc_column width=\u00a0\u00bb1\/4&Prime; offset=\u00a0\u00bbvc_hidden-md vc_hidden-sm vc_hidden-xs\u00a0\u00bb][vc_row_inner][vc_column_inner][vc_single_image image=\u00a0\u00bb10736&Prime; img_size=\u00a0\u00bbmedium\u00a0\u00bb alignment=\u00a0\u00bbcenter\u00a0\u00bb][vc_column_text]<\/p>\n<p style=\"text-align: center;\"><span style=\"color: #ff0000;\">Rudy Van der Linden<\/span><\/p>\n<p style=\"text-align: center;\">Directeur g\u00e9n\u00e9ral<\/p>\n<p>[\/vc_column_text][\/vc_column_inner][\/vc_row_inner][\/vc_column][vc_column width=\u00a0\u00bb1\/4&Prime; offset=\u00a0\u00bbvc_hidden-md vc_hidden-sm vc_hidden-xs\u00a0\u00bb][vc_row_inner][vc_column_inner][vc_single_image image=\u00a0\u00bb20977&Prime; img_size=\u00a0\u00bbmedium\u00a0\u00bb alignment=\u00a0\u00bbcenter\u00a0\u00bb][vc_column_text]<\/p>\n<p style=\"text-align: center;\"><span style=\"color: #ff0000;\">Irina Nazarova<\/span><\/p>\n<p style=\"text-align: center;\">Directeur de compte<\/p>\n<p>[\/vc_column_text][\/vc_column_inner][\/vc_row_inner][\/vc_column][vc_column width=\u00a0\u00bb1\/4&Prime; offset=\u00a0\u00bbvc_hidden-md vc_hidden-sm vc_hidden-xs\u00a0\u00bb][vc_row_inner][vc_column_inner][vc_single_image image=\u00a0\u00bb25605&Prime; img_size=\u00a0\u00bbmedium\u00a0\u00bb alignment=\u00a0\u00bbcenter\u00a0\u00bb][vc_column_text]<\/p>\n<p style=\"text-align: center;\"><span style=\"color: #ff0000;\">Christian Van der Linden<\/span><\/p>\n<p style=\"text-align: center;\">Directeur g\u00e9n\u00e9ral<\/p>\n<p>[\/vc_column_text][\/vc_column_inner][\/vc_row_inner][\/vc_column][vc_column width=\u00a0\u00bb1\/4&Prime; offset=\u00a0\u00bbvc_hidden-md vc_hidden-sm vc_hidden-xs\u00a0\u00bb][vc_row_inner][vc_column_inner][vc_single_image image=\u00a0\u00bb25606&Prime; img_size=\u00a0\u00bbmedium\u00a0\u00bb alignment=\u00a0\u00bbcenter\u00a0\u00bb][vc_column_text]<\/p>\n<p style=\"text-align: center;\"><span style=\"color: #ff0000;\">Yves Smet<\/span><\/p>\n<p style=\"text-align: center;\">Directeur op\u00e9rationnel<\/p>\n<p>[\/vc_column_text][\/vc_column_inner][\/vc_row_inner][\/vc_column][\/vc_row][vc_row full_width=\u00a0\u00bbstretch_row_content\u00a0\u00bb][vc_column width=\u00a0\u00bb1\/4&Prime; offset=\u00a0\u00bbvc_hidden-md vc_hidden-sm vc_hidden-xs\u00a0\u00bb][vc_row_inner][vc_column_inner][vc_single_image image=\u00a0\u00bb21423&Prime; img_size=\u00a0\u00bbmedium\u00a0\u00bb alignment=\u00a0\u00bbcenter\u00a0\u00bb][vc_column_text]<\/p>\n<p style=\"text-align: center;\"><span style=\"color: #ff0000;\">Kristin Todorova<\/span><\/p>\n<p style=\"text-align: center;\">Conceptrice graphique<\/p>\n<p>[\/vc_column_text][\/vc_column_inner][\/vc_row_inner][\/vc_column][vc_column width=\u00a0\u00bb1\/4&Prime; offset=\u00a0\u00bbvc_hidden-md vc_hidden-sm vc_hidden-xs\u00a0\u00bb][vc_row_inner][vc_column_inner][vc_single_image image=\u00a0\u00bb10741&Prime; img_size=\u00a0\u00bbmedium\u00a0\u00bb alignment=\u00a0\u00bbcenter\u00a0\u00bb][vc_column_text]<\/p>\n<p style=\"text-align: center;\"><span style=\"color: #ff0000;\">Tom Van Den Bossche<\/span><\/p>\n<p style=\"text-align: center;\">Directeur d&rsquo;entrep\u00f4t<\/p>\n<p>[\/vc_column_text][\/vc_column_inner][\/vc_row_inner][\/vc_column][vc_column width=\u00a0\u00bb1\/4&Prime; offset=\u00a0\u00bbvc_hidden-md vc_hidden-sm vc_hidden-xs\u00a0\u00bb][vc_row_inner][vc_column_inner][vc_single_image image=\u00a0\u00bb25054&Prime; img_size=\u00a0\u00bbmedium\u00a0\u00bb alignment=\u00a0\u00bbcenter\u00a0\u00bb][vc_column_text]<\/p>\n<p style=\"text-align: center;\"><span style=\"color: #ff0000;\">Dirk Dumez<\/span><\/p>\n<p style=\"text-align: center;\">Gestionnaire de comptes<\/p>\n<p>[\/vc_column_text][\/vc_column_inner][\/vc_row_inner][\/vc_column][vc_column width=\u00a0\u00bb1\/4&Prime; offset=\u00a0\u00bbvc_hidden-md vc_hidden-sm vc_hidden-xs\u00a0\u00bb][vc_row_inner][vc_column_inner][vc_single_image image=\u00a0\u00bb17623&Prime; img_size=\u00a0\u00bbmedium\u00a0\u00bb alignment=\u00a0\u00bbcenter\u00a0\u00bb][vc_column_text]<\/p>\n<p style=\"text-align: center;\"><span style=\"color: #ff0000;\">Roeland Moerman<\/span><\/p>\n<p style=\"text-align: center;\">Gestionnaire de comptes<\/p>\n<p>[\/vc_column_text][\/vc_column_inner][\/vc_row_inner][\/vc_column][\/vc_row][vc_row full_width=\u00a0\u00bbstretch_row_content\u00a0\u00bb][vc_column width=\u00a0\u00bb1\/4&Prime; offset=\u00a0\u00bbvc_hidden-md vc_hidden-sm vc_hidden-xs\u00a0\u00bb][vc_row_inner][vc_column_inner][vc_single_image image=\u00a0\u00bb25503&Prime; img_size=\u00a0\u00bbmedium\u00a0\u00bb alignment=\u00a0\u00bbcenter\u00a0\u00bb][vc_column_text]<\/p>\n<p style=\"text-align: center;\"><span style=\"color: #ff0000;\">Daniel Lloyd<\/span><\/p>\n<p style=\"text-align: center;\">Responsable de production<\/p>\n<p>[\/vc_column_text][\/vc_column_inner][\/vc_row_inner][\/vc_column][vc_column width=\u00a0\u00bb1\/4&Prime; offset=\u00a0\u00bbvc_hidden-md vc_hidden-sm vc_hidden-xs\u00a0\u00bb][vc_row_inner][vc_column_inner][vc_single_image image=\u00a0\u00bb20969&Prime; img_size=\u00a0\u00bbmedium\u00a0\u00bb alignment=\u00a0\u00bbcenter\u00a0\u00bb][vc_column_text]<\/p>\n<p style=\"text-align: center;\"><span style=\"color: #ff0000;\">Nadia Dobretsova<\/span><\/p>\n<p style=\"text-align: center;\">Planificatrice<\/p>\n<p>[\/vc_column_text][\/vc_column_inner][\/vc_row_inner][\/vc_column][vc_column width=\u00a0\u00bb1\/4&Prime; offset=\u00a0\u00bbvc_hidden-md vc_hidden-sm vc_hidden-xs\u00a0\u00bb][vc_row_inner][vc_column_inner][vc_single_image image=\u00a0\u00bb25547&Prime; img_size=\u00a0\u00bbmedium\u00a0\u00bb alignment=\u00a0\u00bbcenter\u00a0\u00bb][vc_column_text]<\/p>\n<p style=\"text-align: center;\"><span style=\"color: #ff0000;\">Jolien Smet<\/span><\/p>\n<p style=\"text-align: center;\">Service client<\/p>\n<p>[\/vc_column_text][\/vc_column_inner][\/vc_row_inner][\/vc_column][vc_column width=\u00a0\u00bb1\/4&Prime;][\/vc_column][\/vc_row]<\/p>","protected":false},"excerpt":{"rendered":"<p>[vc_row][vc_column offset=\u00a0\u00bbvc_hidden-lg\u00a0\u00bb css=\u00a0\u00bb.vc_custom_1686312090745{margin-top: 35px !important;}\u00a0\u00bb][vc_row_inner][vc_column_inner offset=\u00a0\u00bbvc_hidden-lg\u00a0\u00bb css=\u00a0\u00bb.vc_custom_1624612428624{margin-top: -10px !important;}\u00a0\u00bb][vc_column_text] Notre adresse [\/vc_column_text][\/vc_column_inner][\/vc_row_inner][vc_row_inner][vc_column_inner][vc_empty_space height=\u00a0\u00bb15px\u00a0\u00bb][vc_column_text css=\u00a0\u00bb.vc_custom_1741784409387{margin-top: -20px !important;}\u00a0\u00bb] Beldos N.V. Industrielaan 10, 2950 Kapellen Anvers, Belgique +32 3 646 40 48 Ventes et demandes g\u00e9n\u00e9rales: sales@beldos.be Probl\u00e8mes techniques: helpdesk@beldos.be VAT: BE0475579914 [\/vc_column_text][vc_btn &hellip;<\/p>\n","protected":false},"author":1,"featured_media":0,"parent":0,"menu_order":0,"comment_status":"closed","ping_status":"closed","template":"","meta":[],"_links":{"self":[{"href":"https:\/\/beldos.com\/fr\/wp-json\/wp\/v2\/pages\/1482"}],"collection":[{"href":"https:\/\/beldos.com\/fr\/wp-json\/wp\/v2\/pages"}],"about":[{"href":"https:\/\/beldos.com\/fr\/wp-json\/wp\/v2\/types\/page"}],"author":[{"embeddable":true,"href":"https:\/\/beldos.com\/fr\/wp-json\/wp\/v2\/users\/1"}],"replies":[{"embeddable":true,"href":"https:\/\/beldos.com\/fr\/wp-json\/wp\/v2\/comments?post=1482"}],"version-history":[{"count":717,"href":"https:\/\/beldos.com\/fr\/wp-json\/wp\/v2\/pages\/1482\/revisions"}],"predecessor-version":[{"id":25662,"href":"https:\/\/beldos.com\/fr\/wp-json\/wp\/v2\/pages\/1482\/revisions\/25662"}],"wp:attachment":[{"href":"https:\/\/beldos.com\/fr\/wp-json\/wp\/v2\/media?parent=1482"}],"curies":[{"name":"wp","href":"https:\/\/api.w.org\/{rel}","templated":true}]}}