
{"id":20751,"date":"2021-10-13T12:19:34","date_gmt":"2021-10-13T10:19:34","guid":{"rendered":"https:\/\/beldos.com\/?page_id=20751"},"modified":"2025-08-19T10:39:07","modified_gmt":"2025-08-19T08:39:07","slug":"demo-center","status":"publish","type":"page","link":"https:\/\/beldos.com\/fr\/demo-center\/","title":{"rendered":"Centre de Demonstration"},"content":{"rendered":"<p>[vc_row][vc_column css=\u00a0\u00bb.vc_custom_1624609055363{margin-top: -20px !important;}\u00a0\u00bb offset=\u00a0\u00bbvc_hidden-md vc_hidden-sm vc_hidden-xs\u00a0\u00bb][vc_row_inner][vc_column_inner css=\u00a0\u00bb.vc_custom_1617191040686{margin-top: -20px !important;}\u00a0\u00bb][vc_column_text]<\/p>\n<h2 style=\"text-align: center;\"><span style=\"color: #ff0000;\">C<\/span>ENTRE <span style=\"color: #ff0000;\">D<\/span>E <span style=\"color: #ff0000;\">D<\/span>EMONSTRATION<\/h2>\n<p>[\/vc_column_text][vc_column_text css=\u00a0\u00bb.vc_custom_1675855193143{margin-top: -10px !important;}\u00a0\u00bb]<\/p>\n<p style=\"text-align: center;\"><span style=\"color: #ff0000;\">Testez vos produits et b\u00e9n\u00e9ficiez d\u2019une expertise professionelle!<\/span><\/p>\n<p>[\/vc_column_text][\/vc_column_inner][\/vc_row_inner][\/vc_column][\/vc_row][vc_row full_width=\u00a0\u00bbstretch_row_content\u00a0\u00bb][vc_column width=\u00a0\u00bb1\/4&Prime;][vc_single_image image=\u00a0\u00bb18285&Prime; img_size=\u00a0\u00bblarge\u00a0\u00bb alignment=\u00a0\u00bbcenter\u00a0\u00bb][\/vc_column][vc_column width=\u00a0\u00bb1\/4&Prime;][vc_single_image image=\u00a0\u00bb20760&Prime; img_size=\u00a0\u00bblarge\u00a0\u00bb alignment=\u00a0\u00bbcenter\u00a0\u00bb][\/vc_column][vc_column width=\u00a0\u00bb1\/4&Prime;][vc_single_image image=\u00a0\u00bb22688&Prime; img_size=\u00a0\u00bblarge\u00a0\u00bb alignment=\u00a0\u00bbcenter\u00a0\u00bb][\/vc_column][vc_column width=\u00a0\u00bb1\/4&Prime;][vc_single_image image=\u00a0\u00bb17224&Prime; img_size=\u00a0\u00bblarge\u00a0\u00bb alignment=\u00a0\u00bbcenter\u00a0\u00bb][\/vc_column][\/vc_row][vc_row full_width=\u00a0\u00bbstretch_row_content\u00a0\u00bb][vc_column width=\u00a0\u00bb1\/4&Prime;][vc_single_image image=\u00a0\u00bb22685&Prime; img_size=\u00a0\u00bblarge\u00a0\u00bb alignment=\u00a0\u00bbcenter\u00a0\u00bb][\/vc_column][vc_column width=\u00a0\u00bb1\/4&Prime;][vc_single_image image=\u00a0\u00bb20758&Prime; img_size=\u00a0\u00bblarge\u00a0\u00bb alignment=\u00a0\u00bbcenter\u00a0\u00bb][\/vc_column][vc_column width=\u00a0\u00bb1\/4&Prime;][vc_single_image image=\u00a0\u00bb22690&Prime; img_size=\u00a0\u00bblarge\u00a0\u00bb alignment=\u00a0\u00bbcenter\u00a0\u00bb][\/vc_column][vc_column width=\u00a0\u00bb1\/4&Prime;][vc_single_image image=\u00a0\u00bb22686&Prime; img_size=\u00a0\u00bblarge\u00a0\u00bb alignment=\u00a0\u00bbcenter\u00a0\u00bb][\/vc_column][\/vc_row][vc_row full_width=\u00a0\u00bbstretch_row_content\u00a0\u00bb][vc_column][vc_row_inner][vc_column_inner width=\u00a0\u00bb1\/6&Prime;][\/vc_column_inner][vc_column_inner width=\u00a0\u00bb2\/3&Prime;][vc_column_text css=\u00a0\u00bb.vc_custom_1755592681430{margin-bottom: -70px !important;}\u00a0\u00bb]Soyez le Bienvenue pour nous visiter a notre Innovation Demo Center\u00a0 a Kapellen pr\u00e8s Anvers (Antwerpen).<\/p>\n<p>Ensemble avec vous, nous determinons quel d\u00e9positeur est le plus adapt\u00e9 \u00e0 vos produits et besoins. Nous prendrons assez de temps pour les tests, jusqu\u2019\u00e0 ce que vous soyez s\u00fcr que le despositeur est la bonne solutions pour vous!<\/p>\n<p>Une gamme complete d\u2019\u00e9quipements Beldos, m\u00e9langeur, four, cong\u00e9lateur discontinue et tous les autres outils n\u00e9cessaires sont disponibles. Vous pouvez nous rendre visite personellement avec les produits ou les ingredients ou vous pouvez les nous envoyer et vous recrevrez un film avec les r\u00e9sultats des tests.<\/p>\n<p>Le mieux est de m\u00e9langer les produits fra\u00eechement ici, chez nous, juste avant le test (si possible). Il faut m\u00e9langer environ:<\/p>\n<ul>\n<li>10 litres de produit pour le test avec le Mini-fill,<\/li>\n<li>20 litres de produit pour le test avec les d\u00e9posteurs Beldos,<\/li>\n<li>20 litres de produit pour le test avec le Belcake,<\/li>\n<li>30 litres de produit pour le test avec le Belmixing-bowl-lift doseuse, le Belpump-lift pompe de transfert ou la doseuse Belmulti.<\/li>\n<\/ul>\n<p>Veuillez amener \u00e9galement 40-60 tasses (bocaux, barquettes, \u2026) pour le dosage de vos produits.<\/p>\n<p><span style=\"color: #ff0000;\">ATTENTION : LES PRODUITS A\u00c9R\u00c9S, TELS QUE LA MOUSSE AU CHOCOLAT, LA MERINGUE, LE BISCUIT, LA CR\u00c8ME FOUETT\u00c9E, LA BAVAROISE, LA CR\u00c8ME CHANTILLY, LE SOUFFL\u00c9,<\/span><br \/>\n<span style=\"color: #ff0000;\">LA GUIMAUVE, ETC. DOIVENT \u00caTRE PR\u00c9PAR\u00c9S SUR PLACE CHEZ NOUS<\/span><br \/>\n<span style=\"color: #ff0000;\">JUSTE AVANT LA D\u00c9MONSTRATION!<\/span><\/p>\n<p>Nous sommes impatients de vous voir! Appelez-nous au jourd\u2019hui et prenez rendez-vous![\/vc_column_text][\/vc_column_inner][vc_column_inner width=\u00a0\u00bb1\/6&Prime;][\/vc_column_inner][\/vc_row_inner][\/vc_column][\/vc_row][vc_row][vc_column][vc_row_inner][vc_column_inner][vc_empty_space height=\u00a0\u00bb80px\u00a0\u00bb][vc_column_text]<\/p>\n<h2 style=\"text-align: center;\"><span style=\"color: #ff0000;\">R<span style=\"color: #000000;\">EJOINS-<\/span>N<span style=\"color: #000000;\">OUS<\/span><\/span><\/h2>\n<p>[\/vc_column_text][\/vc_column_inner][\/vc_row_inner][vc_row_inner][vc_column_inner][vc_column_text]<\/p>\n<p style=\"text-align: center;\">Beldos N.V.<\/p>\n<p style=\"text-align: center;\">Industrielaan 10, 2950 Kapellen<\/p>\n<p style=\"text-align: center;\">Province of Antwerp, Belgium<\/p>\n<p style=\"text-align: center;\">+32 3 646 40 48 | info@beldos.be | VAT: BE0475579914<\/p>\n<p>[\/vc_column_text][\/vc_column_inner][\/vc_row_inner][vc_row_inner][vc_column_inner][vc_empty_space height=\u00a0\u00bb20px\u00a0\u00bb][\/vc_column_inner][\/vc_row_inner][vc_row_inner][vc_column_inner][vc_single_image image=\u00a0\u00bb24817&Prime; img_size=\u00a0\u00bbfull\u00a0\u00bb alignment=\u00a0\u00bbcenter\u00a0\u00bb onclick=\u00a0\u00bbcustom_link\u00a0\u00bb link=\u00a0\u00bbhttps:\/\/brasscar.be\/\u00a0\u00bb][\/vc_column_inner][\/vc_row_inner][\/vc_column][\/vc_row][vc_row full_width=\u00a0\u00bbstretch_row_content\u00a0\u00bb][vc_column][vc_row_inner][vc_column_inner][vc_column_text]<\/p>\n<h5 style=\"text-align: center;\">H\u00f4tels et h\u00e9bergements \u00e0 proximit\u00e9<\/h5>\n<p>[\/vc_column_text][vc_empty_space height=\u00a0\u00bb30px\u00a0\u00bb][\/vc_column_inner][\/vc_row_inner][vc_row_inner][vc_column_inner width=\u00a0\u00bb1\/4&Prime;][vc_single_image image=\u00a0\u00bb21785&Prime; img_size=\u00a0\u00bbfull\u00a0\u00bb alignment=\u00a0\u00bbcenter\u00a0\u00bb onclick=\u00a0\u00bbcustom_link\u00a0\u00bb link=\u00a0\u00bbhttps:\/\/www.hotel-dekroon.be\/contact\/\u00a0\u00bb][vc_column_text]<\/p>\n<p style=\"text-align: center;\">Hotel De Kroon<\/p>\n<p>[\/vc_column_text][\/vc_column_inner][vc_column_inner width=\u00a0\u00bb1\/4&Prime;][vc_single_image image=\u00a0\u00bb21786&Prime; img_size=\u00a0\u00bbfull\u00a0\u00bb alignment=\u00a0\u00bbcenter\u00a0\u00bb onclick=\u00a0\u00bbcustom_link\u00a0\u00bb link=\u00a0\u00bbhttps:\/\/www.hoteldennenhof.be\/\u00a0\u00bb][vc_column_text]<\/p>\n<p style=\"text-align: center;\">Van der Valk Hotel Dennenhof<\/p>\n<p>[\/vc_column_text][\/vc_column_inner][vc_column_inner width=\u00a0\u00bb1\/4&Prime;][vc_single_image image=\u00a0\u00bb21789&Prime; img_size=\u00a0\u00bbfull\u00a0\u00bb alignment=\u00a0\u00bbcenter\u00a0\u00bb onclick=\u00a0\u00bbcustom_link\u00a0\u00bb link=\u00a0\u00bbhttps:\/\/www.klokkenhof.be\/nl\/p\/home\u00a0\u00bb][vc_column_text]<\/p>\n<p style=\"text-align: center;\">Hotel Klokkenhof<\/p>\n<p>[\/vc_column_text][\/vc_column_inner][vc_column_inner width=\u00a0\u00bb1\/4&Prime;][\/vc_column_inner][\/vc_row_inner][\/vc_column][\/vc_row][vc_row full_width=\u00a0\u00bbstretch_row_content\u00a0\u00bb][vc_column][vc_row_inner][vc_column_inner][vc_column_text]<\/p>\n<h5 style=\"text-align: center;\">Pourquoi visiter la Belgique?<\/h5>\n<p>[\/vc_column_text][vc_empty_space height=\u00a0\u00bb30px\u00a0\u00bb][\/vc_column_inner][\/vc_row_inner][vc_row_inner][vc_column_inner width=\u00a0\u00bb1\/4&Prime;][vc_single_image image=\u00a0\u00bb20924&Prime; img_size=\u00a0\u00bbfull\u00a0\u00bb alignment=\u00a0\u00bbcenter\u00a0\u00bb onclick=\u00a0\u00bbcustom_link\u00a0\u00bb link=\u00a0\u00bbhttps:\/\/www.visitflanders.com\/en\/stories\/destinations\/7-reasons-why-you-should-visit-antwerp.jsp\u00a0\u00bb][vc_column_text]<\/p>\n<p style=\"text-align: center;\">Anvers<\/p>\n<p>[\/vc_column_text][\/vc_column_inner][vc_column_inner width=\u00a0\u00bb1\/4&Prime;][vc_single_image image=\u00a0\u00bb20920&Prime; img_size=\u00a0\u00bbfull\u00a0\u00bb alignment=\u00a0\u00bbcenter\u00a0\u00bb onclick=\u00a0\u00bbcustom_link\u00a0\u00bb link=\u00a0\u00bbhttps:\/\/www.visitflanders.com\/en\/stories\/destinations\/7-reasons-why-you-should-visit-bruges.jsp\u00a0\u00bb][vc_column_text]<\/p>\n<div class=\"share-column share-column--desktop\">\n<div class=\"page-actions\" style=\"text-align: center;\">Bruges<\/div>\n<\/div>\n<p>[\/vc_column_text][\/vc_column_inner][vc_column_inner width=\u00a0\u00bb1\/4&Prime;][vc_single_image image=\u00a0\u00bb20921&Prime; img_size=\u00a0\u00bbfull\u00a0\u00bb alignment=\u00a0\u00bbcenter\u00a0\u00bb onclick=\u00a0\u00bbcustom_link\u00a0\u00bb link=\u00a0\u00bbhttps:\/\/www.visitflanders.com\/en\/stories\/destinations\/7-reasons-why-you-should-visit-ghent.jsp\u00a0\u00bb][vc_column_text]<\/p>\n<div class=\"share-column share-column--desktop\">\n<div class=\"page-actions\">\n<div class=\"share\">\n<div class=\"share-column share-column--desktop\">\n<div class=\"page-actions\"><\/div>\n<\/div>\n<div class=\"content-column\">\n<div class=\"textimage\" style=\"text-align: center;\">Gand<\/div>\n<\/div>\n<\/div>\n<\/div>\n<\/div>\n<p>[\/vc_column_text][\/vc_column_inner][vc_column_inner width=\u00a0\u00bb1\/4&Prime;][vc_single_image image=\u00a0\u00bb20923&Prime; img_size=\u00a0\u00bbfull\u00a0\u00bb alignment=\u00a0\u00bbcenter\u00a0\u00bb onclick=\u00a0\u00bbcustom_link\u00a0\u00bb link=\u00a0\u00bbhttps:\/\/www.visitflanders.com\/en\/stories\/destinations\/7-reasons-why-you-should-visit-Brussels.jsp\u00a0\u00bb][vc_column_text]<\/p>\n<div class=\"share-column share-column--desktop\">\n<div class=\"page-actions\">\n<div class=\"share\">\n<div class=\"share-column share-column--desktop\">\n<div class=\"page-actions\">\n<div class=\"share\" style=\"text-align: center;\">Bruxelles<\/div>\n<\/div>\n<\/div>\n<\/div>\n<\/div>\n<\/div>\n<p>[\/vc_column_text][\/vc_column_inner][\/vc_row_inner][\/vc_column][\/vc_row][vc_row full_width=\u00a0\u00bbstretch_row_content\u00a0\u00bb][vc_column][vc_row_inner][vc_column_inner][vc_column_text]<\/p>\n<h5 style=\"text-align: center;\">Encore une bonne raison pour visiter la Belgique<\/h5>\n<p>[\/vc_column_text][vc_empty_space height=\u00a0\u00bb30px\u00a0\u00bb][\/vc_column_inner][\/vc_row_inner][vc_row_inner][vc_column_inner width=\u00a0\u00bb1\/4&Prime;][vc_single_image image=\u00a0\u00bb20936&Prime; img_size=\u00a0\u00bbfull\u00a0\u00bb alignment=\u00a0\u00bbcenter\u00a0\u00bb onclick=\u00a0\u00bbcustom_link\u00a0\u00bb][\/vc_column_inner][vc_column_inner width=\u00a0\u00bb1\/4&Prime;][vc_single_image image=\u00a0\u00bb20932&Prime; img_size=\u00a0\u00bbfull\u00a0\u00bb alignment=\u00a0\u00bbcenter\u00a0\u00bb onclick=\u00a0\u00bbcustom_link\u00a0\u00bb][\/vc_column_inner][vc_column_inner width=\u00a0\u00bb1\/4&Prime;][vc_single_image image=\u00a0\u00bb20938&Prime; img_size=\u00a0\u00bbfull\u00a0\u00bb alignment=\u00a0\u00bbcenter\u00a0\u00bb onclick=\u00a0\u00bbcustom_link\u00a0\u00bb][\/vc_column_inner][vc_column_inner width=\u00a0\u00bb1\/4&Prime;][vc_single_image image=\u00a0\u00bb20954&Prime; img_size=\u00a0\u00bbfull\u00a0\u00bb alignment=\u00a0\u00bbcenter\u00a0\u00bb onclick=\u00a0\u00bbcustom_link\u00a0\u00bb][\/vc_column_inner][\/vc_row_inner][\/vc_column][\/vc_row]<\/p>","protected":false},"excerpt":{"rendered":"<p>[vc_row][vc_column css=\u00a0\u00bb.vc_custom_1624609055363{margin-top: -20px !important;}\u00a0\u00bb offset=\u00a0\u00bbvc_hidden-md vc_hidden-sm vc_hidden-xs\u00a0\u00bb][vc_row_inner][vc_column_inner css=\u00a0\u00bb.vc_custom_1617191040686{margin-top: -20px !important;}\u00a0\u00bb][vc_column_text] CENTRE DE DEMONSTRATION [\/vc_column_text][vc_column_text css=\u00a0\u00bb.vc_custom_1675855193143{margin-top: -10px !important;}\u00a0\u00bb] Testez vos produits et b\u00e9n\u00e9ficiez d\u2019une expertise professionelle! [\/vc_column_text][\/vc_column_inner][\/vc_row_inner][\/vc_column][\/vc_row][vc_row full_width=\u00a0\u00bbstretch_row_content\u00a0\u00bb][vc_column width=\u00a0\u00bb1\/4&Prime;][vc_single_image image=\u00a0\u00bb18285&Prime; img_size=\u00a0\u00bblarge\u00a0\u00bb alignment=\u00a0\u00bbcenter\u00a0\u00bb][\/vc_column][vc_column width=\u00a0\u00bb1\/4&Prime;][vc_single_image image=\u00a0\u00bb20760&Prime; img_size=\u00a0\u00bblarge\u00a0\u00bb alignment=\u00a0\u00bbcenter\u00a0\u00bb][\/vc_column][vc_column width=\u00a0\u00bb1\/4&Prime;][vc_single_image image=\u00a0\u00bb22688&Prime; img_size=\u00a0\u00bblarge\u00a0\u00bb alignment=\u00a0\u00bbcenter\u00a0\u00bb][\/vc_column][vc_column width=\u00a0\u00bb1\/4&Prime;][vc_single_image &hellip;<\/p>\n","protected":false},"author":1,"featured_media":0,"parent":0,"menu_order":0,"comment_status":"closed","ping_status":"closed","template":"","meta":[],"_links":{"self":[{"href":"https:\/\/beldos.com\/fr\/wp-json\/wp\/v2\/pages\/20751"}],"collection":[{"href":"https:\/\/beldos.com\/fr\/wp-json\/wp\/v2\/pages"}],"about":[{"href":"https:\/\/beldos.com\/fr\/wp-json\/wp\/v2\/types\/page"}],"author":[{"embeddable":true,"href":"https:\/\/beldos.com\/fr\/wp-json\/wp\/v2\/users\/1"}],"replies":[{"embeddable":true,"href":"https:\/\/beldos.com\/fr\/wp-json\/wp\/v2\/comments?post=20751"}],"version-history":[{"count":77,"href":"https:\/\/beldos.com\/fr\/wp-json\/wp\/v2\/pages\/20751\/revisions"}],"predecessor-version":[{"id":25428,"href":"https:\/\/beldos.com\/fr\/wp-json\/wp\/v2\/pages\/20751\/revisions\/25428"}],"wp:attachment":[{"href":"https:\/\/beldos.com\/fr\/wp-json\/wp\/v2\/media?parent=20751"}],"curies":[{"name":"wp","href":"https:\/\/api.w.org\/{rel}","templated":true}]}}