
{"id":2602,"date":"2016-11-30T11:16:43","date_gmt":"2016-11-30T11:16:43","guid":{"rendered":"http:\/\/sigway.be\/beldos\/?page_id=2602"},"modified":"2019-10-29T12:12:10","modified_gmt":"2019-10-29T11:12:10","slug":"single-piston","status":"publish","type":"page","link":"https:\/\/beldos.com\/fr\/single-piston\/","title":{"rendered":"(EN) Single Piston"},"content":{"rendered":"<p class=\"qtranxs-available-languages-message qtranxs-available-languages-message-fr\">D\u00e9sol\u00e9, cet article est seulement disponible en <a href=\"https:\/\/beldos.com\/en\/wp-json\/wp\/v2\/pages\/2602\" class=\"qtranxs-available-language-link qtranxs-available-language-link-en\" title=\"EN\">Anglais Am\u00e9ricain<\/a>, <a href=\"https:\/\/beldos.com\/nl\/wp-json\/wp\/v2\/pages\/2602\" class=\"qtranxs-available-language-link qtranxs-available-language-link-nl\" title=\"NL\">N\u00e9erlandais<\/a>, <a href=\"https:\/\/beldos.com\/ru\/wp-json\/wp\/v2\/pages\/2602\" class=\"qtranxs-available-language-link qtranxs-available-language-link-ru\" title=\"RU\">Russe<\/a> et <a href=\"https:\/\/beldos.com\/de\/wp-json\/wp\/v2\/pages\/2602\" class=\"qtranxs-available-language-link qtranxs-available-language-link-de\" title=\"DE\">Allemand<\/a>.<\/p>","protected":false},"excerpt":{"rendered":"<p>D\u00e9sol\u00e9, cet article est seulement disponible en Anglais Am\u00e9ricain, N\u00e9erlandais, Russe et Allemand.<\/p>\n","protected":false},"author":1,"featured_media":0,"parent":0,"menu_order":0,"comment_status":"closed","ping_status":"closed","template":"","meta":[],"_links":{"self":[{"href":"https:\/\/beldos.com\/fr\/wp-json\/wp\/v2\/pages\/2602"}],"collection":[{"href":"https:\/\/beldos.com\/fr\/wp-json\/wp\/v2\/pages"}],"about":[{"href":"https:\/\/beldos.com\/fr\/wp-json\/wp\/v2\/types\/page"}],"author":[{"embeddable":true,"href":"https:\/\/beldos.com\/fr\/wp-json\/wp\/v2\/users\/1"}],"replies":[{"embeddable":true,"href":"https:\/\/beldos.com\/fr\/wp-json\/wp\/v2\/comments?post=2602"}],"version-history":[{"count":78,"href":"https:\/\/beldos.com\/fr\/wp-json\/wp\/v2\/pages\/2602\/revisions"}],"predecessor-version":[{"id":14031,"href":"https:\/\/beldos.com\/fr\/wp-json\/wp\/v2\/pages\/2602\/revisions\/14031"}],"wp:attachment":[{"href":"https:\/\/beldos.com\/fr\/wp-json\/wp\/v2\/media?parent=2602"}],"curies":[{"name":"wp","href":"https:\/\/api.w.org\/{rel}","templated":true}]}}