
{"id":3435,"date":"2017-07-16T21:33:27","date_gmt":"2017-07-16T21:33:27","guid":{"rendered":"http:\/\/beldossite.review\/?page_id=3435"},"modified":"2021-10-06T11:55:27","modified_gmt":"2021-10-06T09:55:27","slug":"partnerships","status":"publish","type":"page","link":"https:\/\/beldos.com\/fr\/partnerships\/","title":{"rendered":"Les partenariats"},"content":{"rendered":"<p>[vc_row][vc_column css=\u00a0\u00bb.vc_custom_1624611389522{margin-top: -30px !important;}\u00a0\u00bb][vc_row_inner][vc_column_inner offset=\u00a0\u00bbvc_hidden-md vc_hidden-sm vc_hidden-xs\u00a0\u00bb][vc_column_text]<\/p>\n<h2 style=\"text-align: center;\"><span style=\"color: #ff0000;\">L<\/span>ES <span style=\"color: #ff0000;\">P<\/span>ARTENARIATS<\/h2>\n<p>[\/vc_column_text][\/vc_column_inner][\/vc_row_inner][\/vc_column][\/vc_row][vc_row css=\u00a0\u00bb.vc_custom_1460122496361{margin-bottom: 30px !important;}\u00a0\u00bb][vc_column][vc_row_inner][vc_column_inner][vc_column_text]<\/p>\n<p style=\"text-align: center;\">Souhaitez-vous repr\u00e9senter l&rsquo;\u00e9quipement de Beldos dans votre pays?<\/p>\n<p style=\"text-align: center;\">Nous vous invitons chaleureusement \u00e0 entrer en contact avec notre si\u00e8ge social en Belgique!<\/p>\n<p style=\"text-align: center;\">Notre objectif est de cr\u00e9er une relation \u00e0 long terme avec nos concessionnaire gr\u00e2ce \u00e0 l&rsquo;honn\u00eatet\u00e9 et \u00e0 la confiance.<\/p>\n<p>[\/vc_column_text][\/vc_column_inner][\/vc_row_inner][vc_row_inner][vc_column_inner][vc_empty_space height=\u00a0\u00bb10px\u00a0\u00bb][vc_btn title=\u00a0\u00bbContactez-Nous\u00a0\u00bb color=\u00a0\u00bbjuicy-pink\u00a0\u00bb align=\u00a0\u00bbcenter\u00a0\u00bb link=\u00a0\u00bburl:%2Fcontact-us%2F%23demo|||\u00a0\u00bb][\/vc_column_inner][\/vc_row_inner][\/vc_column][\/vc_row]<\/p>","protected":false},"excerpt":{"rendered":"<p>[vc_row][vc_column css=\u00a0\u00bb.vc_custom_1624611389522{margin-top: -30px !important;}\u00a0\u00bb][vc_row_inner][vc_column_inner offset=\u00a0\u00bbvc_hidden-md vc_hidden-sm vc_hidden-xs\u00a0\u00bb][vc_column_text] LES PARTENARIATS [\/vc_column_text][\/vc_column_inner][\/vc_row_inner][\/vc_column][\/vc_row][vc_row css=\u00a0\u00bb.vc_custom_1460122496361{margin-bottom: 30px !important;}\u00a0\u00bb][vc_column][vc_row_inner][vc_column_inner][vc_column_text] Souhaitez-vous repr\u00e9senter l&rsquo;\u00e9quipement de Beldos dans votre pays? Nous vous invitons chaleureusement \u00e0 entrer en contact avec notre si\u00e8ge social en Belgique! Notre objectif est de cr\u00e9er &hellip;<\/p>\n","protected":false},"author":1,"featured_media":0,"parent":0,"menu_order":0,"comment_status":"closed","ping_status":"closed","template":"","meta":[],"_links":{"self":[{"href":"https:\/\/beldos.com\/fr\/wp-json\/wp\/v2\/pages\/3435"}],"collection":[{"href":"https:\/\/beldos.com\/fr\/wp-json\/wp\/v2\/pages"}],"about":[{"href":"https:\/\/beldos.com\/fr\/wp-json\/wp\/v2\/types\/page"}],"author":[{"embeddable":true,"href":"https:\/\/beldos.com\/fr\/wp-json\/wp\/v2\/users\/1"}],"replies":[{"embeddable":true,"href":"https:\/\/beldos.com\/fr\/wp-json\/wp\/v2\/comments?post=3435"}],"version-history":[{"count":47,"href":"https:\/\/beldos.com\/fr\/wp-json\/wp\/v2\/pages\/3435\/revisions"}],"predecessor-version":[{"id":20698,"href":"https:\/\/beldos.com\/fr\/wp-json\/wp\/v2\/pages\/3435\/revisions\/20698"}],"wp:attachment":[{"href":"https:\/\/beldos.com\/fr\/wp-json\/wp\/v2\/media?parent=3435"}],"curies":[{"name":"wp","href":"https:\/\/api.w.org\/{rel}","templated":true}]}}