
{"id":3506,"date":"2017-08-01T20:30:24","date_gmt":"2017-08-01T20:30:24","guid":{"rendered":"http:\/\/beldossite.review\/?page_id=3506"},"modified":"2024-05-28T11:56:36","modified_gmt":"2024-05-28T09:56:36","slug":"vacatures","status":"publish","type":"page","link":"https:\/\/beldos.com\/fr\/vacatures\/","title":{"rendered":"(EN) Vacancies"},"content":{"rendered":"<p class=\"qtranxs-available-languages-message qtranxs-available-languages-message-fr\">D\u00e9sol\u00e9, cet article est seulement disponible en <a href=\"https:\/\/beldos.com\/nl\/wp-json\/wp\/v2\/pages\/3506\" class=\"qtranxs-available-language-link qtranxs-available-language-link-nl\" title=\"NL\">N\u00e9erlandais<\/a>.<\/p>","protected":false},"excerpt":{"rendered":"<p>D\u00e9sol\u00e9, cet article est seulement disponible en N\u00e9erlandais.<\/p>\n","protected":false},"author":1,"featured_media":0,"parent":0,"menu_order":0,"comment_status":"closed","ping_status":"closed","template":"","meta":[],"_links":{"self":[{"href":"https:\/\/beldos.com\/fr\/wp-json\/wp\/v2\/pages\/3506"}],"collection":[{"href":"https:\/\/beldos.com\/fr\/wp-json\/wp\/v2\/pages"}],"about":[{"href":"https:\/\/beldos.com\/fr\/wp-json\/wp\/v2\/types\/page"}],"author":[{"embeddable":true,"href":"https:\/\/beldos.com\/fr\/wp-json\/wp\/v2\/users\/1"}],"replies":[{"embeddable":true,"href":"https:\/\/beldos.com\/fr\/wp-json\/wp\/v2\/comments?post=3506"}],"version-history":[{"count":30,"href":"https:\/\/beldos.com\/fr\/wp-json\/wp\/v2\/pages\/3506\/revisions"}],"predecessor-version":[{"id":24567,"href":"https:\/\/beldos.com\/fr\/wp-json\/wp\/v2\/pages\/3506\/revisions\/24567"}],"wp:attachment":[{"href":"https:\/\/beldos.com\/fr\/wp-json\/wp\/v2\/media?parent=3506"}],"curies":[{"name":"wp","href":"https:\/\/api.w.org\/{rel}","templated":true}]}}